{"id":84,"date":"2018-11-29T20:26:10","date_gmt":"2018-11-29T20:26:10","guid":{"rendered":"http:\/\/glueckspilz-mona.de\/?page_id=84"},"modified":"2019-03-24T13:21:15","modified_gmt":"2019-03-24T13:21:15","slug":"test-seite-nummer-1","status":"publish","type":"page","link":"http:\/\/glueckspilz-mona.de\/?page_id=84","title":{"rendered":"\u00dcber mich"},"content":{"rendered":"\t\t<div data-elementor-type=\"wp-post\" data-elementor-id=\"84\" class=\"elementor elementor-84\">\n\t\t\t\t\t\t<section class=\"elementor-section elementor-top-section elementor-element elementor-element-6c9462a3 elementor-section-boxed elementor-section-height-default elementor-section-height-default\" data-id=\"6c9462a3\" data-element_type=\"section\" data-e-type=\"section\">\n\t\t\t\t\t\t<div class=\"elementor-container elementor-column-gap-default\">\n\t\t\t\t\t<div class=\"elementor-column elementor-col-100 elementor-top-column elementor-element elementor-element-4248f54e\" data-id=\"4248f54e\" data-element_type=\"column\" data-e-type=\"column\">\n\t\t\t<div class=\"elementor-widget-wrap elementor-element-populated\">\n\t\t\t\t\t\t<div class=\"elementor-element elementor-element-2da898d4 elementor-widget elementor-widget-text-editor\" data-id=\"2da898d4\" data-element_type=\"widget\" data-e-type=\"widget\" data-widget_type=\"text-editor.default\">\n\t\t\t\t<div class=\"elementor-widget-container\">\n\t\t\t\t\t\t\t\t\t<p><\/p>\n<p style=\"text-align: left;\">Mein Name ist Mona, ich bin 24 alt und wohne seit dem Sommer 2017 in L\u00fcnen, NRW.<\/p>\n<p><\/p>\n<p>Ich habe weder studiert, noch habe ich besondere Talente. Doch daf\u00fcr habe ich ein riesengro\u00dfes Herz, bin liebevoll, voller positiver Energie und \u00fcber beide Ohren in meinen Verlobten Nikolaj verliebt.<\/p>\n<p><\/p>\n<p>F\u00fcr gew\u00f6hnlich treibe ich viel und gerne Sport. Gleichzeitig LIEBE ich es zu essen und freue mich daher immer auf ein gemeinsames kochen und genie\u00dfen mit meinen Liebsten.<\/p>\n<p><\/p>\n<p>Im August 2018\u00a0 wurde in einem MRT meines Sch\u00e4dels etwas festgestellt, was da so nicht hingeh\u00f6rt. Letztendlich handelt es sich um einen b\u00f6sartigen Hirntumor.\u00a0\u00a0Ich lasse mich davon aber nicht unterkriegen. So stark und voller positiver Energie war ich zuvor noch nie.\u00a0<\/p>\n<p><\/p>\n<p>Ich sehe das als Chance das Beste und Sch\u00f6nste aus meinem Leben zu machen! So komme ich auch zu der Idee, diesen Blog hier zu erstellen.<\/p>\n<p><\/p>\n<p>Ich m\u00f6chte meine Energie an euch weitergeben und jedem zeigen, dass ein Schicksalsschlag (in meinem\/ unserem Fall sogar zwei, dazu aber irgendwann sp\u00e4ter) nicht das Ende bedeutet.\u00a0<\/p>\n<p><\/p>\n<p>Was kann ich sonst noch \u00fcber mich erz\u00e4hlen&#8230; ?<\/p>\n<p><\/p>\n<p>Ich reise gerne und bin gespannt, welche Orte, St\u00e4dte, L\u00e4nder, Kontinente ich noch bereisen werde.<\/p>\n<p><\/p>\n<p>Ich habe eine tolle Familie , die mich st\u00e4rkt, auff\u00e4ngt und mir ganz viel Liebe schenkt. Zu dieser Familie geh\u00f6ren auch noch meine M\u00e4use (Hunde) Eddy und Mia, sowie der Kater Kahni und der Hund meiner Schwester, Fred.<\/p>\n<p><span style=\"font-size: 14px;\">Ganz viel Spa\u00df auf meinem Blog!<\/span><\/p>\n<p><img fetchpriority=\"high\" decoding=\"async\" class=\"size-medium wp-image-5 aligncenter\" src=\"http:\/\/glueckspilz-mona.de\/wp-content\/uploads\/2018\/11\/okjjmjbkgsj-300x200.jpg\" alt=\"\" width=\"300\" height=\"200\" srcset=\"http:\/\/glueckspilz-mona.de\/wp-content\/uploads\/2018\/11\/okjjmjbkgsj-300x200.jpg 300w, http:\/\/glueckspilz-mona.de\/wp-content\/uploads\/2018\/11\/okjjmjbkgsj-768x512.jpg 768w, http:\/\/glueckspilz-mona.de\/wp-content\/uploads\/2018\/11\/okjjmjbkgsj-1024x683.jpg 1024w, http:\/\/glueckspilz-mona.de\/wp-content\/uploads\/2018\/11\/okjjmjbkgsj.jpg 1620w\" sizes=\"(max-width: 300px) 100vw, 300px\" \/><\/p>\n<p><span style=\"font-size: 14px;\">\u00a0<\/span><\/p>\n<p>\u00a0<\/p>\n<p><\/p>\n<p><\/p>\n<p><\/p>\t\t\t\t\t\t\t\t<\/div>\n\t\t\t\t<\/div>\n\t\t\t\t\t<\/div>\n\t\t<\/div>\n\t\t\t\t\t<\/div>\n\t\t<\/section>\n\t\t\t\t<\/div>\n\t\t","protected":false},"excerpt":{"rendered":"<p>Mein Name ist Mona, ich bin 24 alt und wohne seit dem Sommer 2017 in L\u00fcnen, NRW. Ich habe weder studiert, noch habe ich besondere Talente. Doch daf\u00fcr habe ich ein riesengro\u00dfes Herz, bin liebevoll, voller positiver Energie und \u00fcber beide Ohren in meinen Verlobten Nikolaj verliebt. F\u00fcr gew\u00f6hnlich treibe ich viel und gerne Sport. [&hellip;]<\/p>\n","protected":false},"author":1,"featured_media":0,"parent":0,"menu_order":0,"comment_status":"closed","ping_status":"closed","template":"","meta":{"ocean_post_layout":"","ocean_both_sidebars_style":"","ocean_both_sidebars_content_width":0,"ocean_both_sidebars_sidebars_width":0,"ocean_sidebar":"0","ocean_second_sidebar":"0","ocean_disable_margins":"enable","ocean_add_body_class":"","ocean_shortcode_before_top_bar":"","ocean_shortcode_after_top_bar":"","ocean_shortcode_before_header":"","ocean_shortcode_after_header":"","ocean_has_shortcode":"","ocean_shortcode_after_title":"","ocean_shortcode_before_footer_widgets":"","ocean_shortcode_after_footer_widgets":"","ocean_shortcode_before_footer_bottom":"","ocean_shortcode_after_footer_bottom":"","ocean_display_top_bar":"default","ocean_display_header":"default","ocean_header_style":"","ocean_center_header_left_menu":"0","ocean_custom_header_template":"0","ocean_custom_logo":0,"ocean_custom_retina_logo":0,"ocean_custom_logo_max_width":0,"ocean_custom_logo_tablet_max_width":0,"ocean_custom_logo_mobile_max_width":0,"ocean_custom_logo_max_height":0,"ocean_custom_logo_tablet_max_height":0,"ocean_custom_logo_mobile_max_height":0,"ocean_header_custom_menu":"0","ocean_menu_typo_font_family":"0","ocean_menu_typo_font_subset":"","ocean_menu_typo_font_size":0,"ocean_menu_typo_font_size_tablet":0,"ocean_menu_typo_font_size_mobile":0,"ocean_menu_typo_font_size_unit":"px","ocean_menu_typo_font_weight":"","ocean_menu_typo_font_weight_tablet":"","ocean_menu_typo_font_weight_mobile":"","ocean_menu_typo_transform":"","ocean_menu_typo_transform_tablet":"","ocean_menu_typo_transform_mobile":"","ocean_menu_typo_line_height":0,"ocean_menu_typo_line_height_tablet":0,"ocean_menu_typo_line_height_mobile":0,"ocean_menu_typo_line_height_unit":"","ocean_menu_typo_spacing":0,"ocean_menu_typo_spacing_tablet":0,"ocean_menu_typo_spacing_mobile":0,"ocean_menu_typo_spacing_unit":"","ocean_menu_link_color":"","ocean_menu_link_color_hover":"","ocean_menu_link_color_active":"","ocean_menu_link_background":"","ocean_menu_link_hover_background":"","ocean_menu_link_active_background":"","ocean_menu_social_links_bg":"","ocean_menu_social_hover_links_bg":"","ocean_menu_social_links_color":"","ocean_menu_social_hover_links_color":"","ocean_disable_title":"default","ocean_disable_heading":"default","ocean_post_title":"","ocean_post_subheading":"","ocean_post_title_style":"","ocean_post_title_background_color":"","ocean_post_title_background":0,"ocean_post_title_bg_image_position":"","ocean_post_title_bg_image_attachment":"","ocean_post_title_bg_image_repeat":"","ocean_post_title_bg_image_size":"","ocean_post_title_height":0,"ocean_post_title_bg_overlay":0.5,"ocean_post_title_bg_overlay_color":"","ocean_disable_breadcrumbs":"default","ocean_breadcrumbs_color":"","ocean_breadcrumbs_separator_color":"","ocean_breadcrumbs_links_color":"","ocean_breadcrumbs_links_hover_color":"","ocean_display_footer_widgets":"default","ocean_display_footer_bottom":"default","ocean_custom_footer_template":"0","footnotes":""},"class_list":["post-84","page","type-page","status-publish","hentry","entry"],"_links":{"self":[{"href":"http:\/\/glueckspilz-mona.de\/index.php?rest_route=\/wp\/v2\/pages\/84","targetHints":{"allow":["GET"]}}],"collection":[{"href":"http:\/\/glueckspilz-mona.de\/index.php?rest_route=\/wp\/v2\/pages"}],"about":[{"href":"http:\/\/glueckspilz-mona.de\/index.php?rest_route=\/wp\/v2\/types\/page"}],"author":[{"embeddable":true,"href":"http:\/\/glueckspilz-mona.de\/index.php?rest_route=\/wp\/v2\/users\/1"}],"replies":[{"embeddable":true,"href":"http:\/\/glueckspilz-mona.de\/index.php?rest_route=%2Fwp%2Fv2%2Fcomments&post=84"}],"version-history":[{"count":19,"href":"http:\/\/glueckspilz-mona.de\/index.php?rest_route=\/wp\/v2\/pages\/84\/revisions"}],"predecessor-version":[{"id":261,"href":"http:\/\/glueckspilz-mona.de\/index.php?rest_route=\/wp\/v2\/pages\/84\/revisions\/261"}],"wp:attachment":[{"href":"http:\/\/glueckspilz-mona.de\/index.php?rest_route=%2Fwp%2Fv2%2Fmedia&parent=84"}],"curies":[{"name":"wp","href":"https:\/\/api.w.org\/{rel}","templated":true}]}}